{"id":2,"date":"2019-11-25T15:34:29","date_gmt":"2019-11-25T15:34:29","guid":{"rendered":"http:\/\/cvpavyzdys.com\/?page_id=2"},"modified":"2022-12-16T07:37:27","modified_gmt":"2022-12-16T07:37:27","slug":"sample-page","status":"publish","type":"page","link":"https:\/\/cvpavyzdys.com\/","title":{"rendered":"Prad\u017eia"},"content":{"rendered":"\t\t<div data-elementor-type=\"wp-page\" data-elementor-id=\"2\" class=\"elementor elementor-2\">\n\t\t\t\t\t\t<section class=\"elementor-section elementor-top-section elementor-element elementor-element-7699945 elementor-section-stretched elementor-section-full_width elementor-section-height-default elementor-section-height-default\" data-id=\"7699945\" data-element_type=\"section\" data-settings=\"{&quot;stretch_section&quot;:&quot;section-stretched&quot;}\">\n\t\t\t\t\t\t<div class=\"elementor-container elementor-column-gap-default\">\n\t\t\t\t\t<div class=\"elementor-column elementor-col-100 elementor-top-column elementor-element elementor-element-783780a\" data-id=\"783780a\" data-element_type=\"column\">\n\t\t\t<div class=\"elementor-widget-wrap elementor-element-populated\">\n\t\t\t\t\t\t<div class=\"elementor-element elementor-element-3786d5a elementor-widget elementor-widget-image\" data-id=\"3786d5a\" data-element_type=\"widget\" data-widget_type=\"image.default\">\n\t\t\t\t<div class=\"elementor-widget-container\">\n\t\t\t\t\t\t\t\t\t\t\t\t\t<img fetchpriority=\"high\" decoding=\"async\" width=\"960\" height=\"350\" src=\"https:\/\/cvpavyzdys.com\/wp-content\/uploads\/2019\/11\/timthumb.jpg\" class=\"attachment-large size-large wp-image-13\" alt=\"\" srcset=\"https:\/\/cvpavyzdys.com\/wp-content\/uploads\/2019\/11\/timthumb.jpg 960w, https:\/\/cvpavyzdys.com\/wp-content\/uploads\/2019\/11\/timthumb-300x109.jpg 300w, https:\/\/cvpavyzdys.com\/wp-content\/uploads\/2019\/11\/timthumb-768x280.jpg 768w\" sizes=\"(max-width: 960px) 100vw, 960px\" \/>\t\t\t\t\t\t\t\t\t\t\t\t\t<\/div>\n\t\t\t\t<\/div>\n\t\t\t\t\t<\/div>\n\t\t<\/div>\n\t\t\t\t\t<\/div>\n\t\t<\/section>\n\t\t\t\t<section class=\"elementor-section elementor-top-section elementor-element elementor-element-421874a elementor-section-stretched elementor-section-boxed elementor-section-height-default elementor-section-height-default\" data-id=\"421874a\" data-element_type=\"section\" data-settings=\"{&quot;stretch_section&quot;:&quot;section-stretched&quot;}\">\n\t\t\t\t\t\t<div class=\"elementor-container elementor-column-gap-default\">\n\t\t\t\t\t<div class=\"elementor-column elementor-col-33 elementor-top-column elementor-element elementor-element-bb66599\" data-id=\"bb66599\" data-element_type=\"column\">\n\t\t\t<div class=\"elementor-widget-wrap elementor-element-populated\">\n\t\t\t\t\t\t<div class=\"elementor-element elementor-element-70c60d1 elementor-position-left elementor-vertical-align-top elementor-widget elementor-widget-image-box\" data-id=\"70c60d1\" data-element_type=\"widget\" data-widget_type=\"image-box.default\">\n\t\t\t\t<div class=\"elementor-widget-container\">\n\t\t\t<div class=\"elementor-image-box-wrapper\"><figure class=\"elementor-image-box-img\"><img decoding=\"async\" width=\"60\" height=\"60\" src=\"https:\/\/cvpavyzdys.com\/wp-content\/uploads\/2019\/11\/write-icon.png\" class=\"attachment-full size-full wp-image-15\" alt=\"\" \/><\/figure><div class=\"elementor-image-box-content\"><h3 class=\"elementor-image-box-title\">CV Lietuvi\u0173 kalba<\/h3><p class=\"elementor-image-box-description\">CV pavyzdys lietuvi\u0173 kalba \u2013 tai vienas svarbiausi\u0173 dokument\u0173 , kur\u012f tiesiog b\u016btina pateikti siekiant \u012fsidarbinti lietuvi\u0161koje \u012fmon\u0117je. Tai pirmasis \u012fsp\u016bdis, kur\u012f potencialus darbuotojas palieka b\u016bsimam darbdaviui, d\u0117l to \u0161\u012f dokument\u0105 reikia ra\u0161yti ypa\u010d kruop\u0161\u010diai ir atsakingai.<\/p><\/div><\/div>\t\t<\/div>\n\t\t\t\t<\/div>\n\t\t\t\t<div class=\"elementor-element elementor-element-ef69b08 elementor-align-center elementor-widget elementor-widget-button\" data-id=\"ef69b08\" data-element_type=\"widget\" data-widget_type=\"button.default\">\n\t\t\t\t<div class=\"elementor-widget-container\">\n\t\t\t\t\t<div class=\"elementor-button-wrapper\">\n\t\t\t<a class=\"elementor-button elementor-button-link elementor-size-sm\" href=\"https:\/\/cvpavyzdys.com\/index.php\/cv-pavyzdys-lietuviu-kalba\/\" target=\"_blank\">\n\t\t\t\t\t\t<span class=\"elementor-button-content-wrapper\">\n\t\t\t\t\t\t\t\t\t<span class=\"elementor-button-text\">Pla\u010diau<\/span>\n\t\t\t\t\t<\/span>\n\t\t\t\t\t<\/a>\n\t\t<\/div>\n\t\t\t\t<\/div>\n\t\t\t\t<\/div>\n\t\t\t\t\t<\/div>\n\t\t<\/div>\n\t\t\t\t<div class=\"elementor-column elementor-col-33 elementor-top-column elementor-element elementor-element-d59e247\" data-id=\"d59e247\" data-element_type=\"column\">\n\t\t\t<div class=\"elementor-widget-wrap elementor-element-populated\">\n\t\t\t\t\t\t<div class=\"elementor-element elementor-element-b10338c elementor-position-left elementor-vertical-align-top elementor-widget elementor-widget-image-box\" data-id=\"b10338c\" data-element_type=\"widget\" data-widget_type=\"image-box.default\">\n\t\t\t\t<div class=\"elementor-widget-container\">\n\t\t\t<div class=\"elementor-image-box-wrapper\"><figure class=\"elementor-image-box-img\"><img decoding=\"async\" width=\"60\" height=\"60\" src=\"https:\/\/cvpavyzdys.com\/wp-content\/uploads\/2019\/11\/write-icon.png\" class=\"attachment-full size-full wp-image-15\" alt=\"\" \/><\/figure><div class=\"elementor-image-box-content\"><h3 class=\"elementor-image-box-title\">CV angl\u0173 kalba<\/h3><p class=\"elementor-image-box-description\">\u0160iais laikais para\u0161yti CV angl\u0173 kalba yra ne ma\u017eiau svarbu nei lietuvi\u0173. \u0160ios kalbos mok\u0117jimas daugumoje sri\u010di\u0173 jau tapo ne privalumu, o tiesiog b\u016btinybe. Tvarkingai, taisyklinga kalba paruo\u0161tas CV angl\u0173 kalba parodo, kad sugebate kurti ra\u0161ytin\u012f tekst\u0105 angli\u0161kai.<\/p><\/div><\/div>\t\t<\/div>\n\t\t\t\t<\/div>\n\t\t\t\t<div class=\"elementor-element elementor-element-c7b52b4 elementor-align-center elementor-widget elementor-widget-button\" data-id=\"c7b52b4\" data-element_type=\"widget\" data-widget_type=\"button.default\">\n\t\t\t\t<div class=\"elementor-widget-container\">\n\t\t\t\t\t<div class=\"elementor-button-wrapper\">\n\t\t\t<a class=\"elementor-button elementor-button-link elementor-size-sm\" href=\"https:\/\/cvpavyzdys.com\/index.php\/cv-pavyzdys-anglu-kalba\/\" target=\"_blank\">\n\t\t\t\t\t\t<span class=\"elementor-button-content-wrapper\">\n\t\t\t\t\t\t\t\t\t<span class=\"elementor-button-text\">Pla\u010diau<\/span>\n\t\t\t\t\t<\/span>\n\t\t\t\t\t<\/a>\n\t\t<\/div>\n\t\t\t\t<\/div>\n\t\t\t\t<\/div>\n\t\t\t\t\t<\/div>\n\t\t<\/div>\n\t\t\t\t<div class=\"elementor-column elementor-col-33 elementor-top-column elementor-element elementor-element-9e7ae7b\" data-id=\"9e7ae7b\" data-element_type=\"column\">\n\t\t\t<div class=\"elementor-widget-wrap elementor-element-populated\">\n\t\t\t\t\t\t<div class=\"elementor-element elementor-element-97f87aa elementor-position-left elementor-vertical-align-top elementor-widget elementor-widget-image-box\" data-id=\"97f87aa\" data-element_type=\"widget\" data-widget_type=\"image-box.default\">\n\t\t\t\t<div class=\"elementor-widget-container\">\n\t\t\t<div class=\"elementor-image-box-wrapper\"><figure class=\"elementor-image-box-img\"><img decoding=\"async\" width=\"60\" height=\"60\" src=\"https:\/\/cvpavyzdys.com\/wp-content\/uploads\/2019\/11\/write-icon.png\" class=\"attachment-full size-full wp-image-15\" alt=\"\" \/><\/figure><div class=\"elementor-image-box-content\"><h3 class=\"elementor-image-box-title\">motyvacinis lai\u0161kas<\/h3><p class=\"elementor-image-box-description\">\u0160iais laikais para\u0161yti CV angl\u0173 kalba yra ne ma\u017eiau svarbu nei lietuvi\u0173. \u0160ios kalbos mok\u0117jimas daugumoje sri\u010di\u0173 jau tapo ne privalumu, o tiesiog b\u016btinybe. Tvarkingai, taisyklinga kalba paruo\u0161tas CV angl\u0173 kalba parodo, kad sugebate kurti ra\u0161ytin\u012f tekst\u0105 angli\u0161kai.<\/p><\/div><\/div>\t\t<\/div>\n\t\t\t\t<\/div>\n\t\t\t\t<div class=\"elementor-element elementor-element-854a7eb elementor-align-center elementor-widget elementor-widget-button\" data-id=\"854a7eb\" data-element_type=\"widget\" data-widget_type=\"button.default\">\n\t\t\t\t<div class=\"elementor-widget-container\">\n\t\t\t\t\t<div class=\"elementor-button-wrapper\">\n\t\t\t<a class=\"elementor-button elementor-button-link elementor-size-sm\" href=\"https:\/\/cvpavyzdys.com\/index.php\/motyvacinis-laiskas-pagrindiniai-rasymo-principai\/\" target=\"_blank\">\n\t\t\t\t\t\t<span class=\"elementor-button-content-wrapper\">\n\t\t\t\t\t\t\t\t\t<span class=\"elementor-button-text\">Pla\u010diau<\/span>\n\t\t\t\t\t<\/span>\n\t\t\t\t\t<\/a>\n\t\t<\/div>\n\t\t\t\t<\/div>\n\t\t\t\t<\/div>\n\t\t\t\t\t<\/div>\n\t\t<\/div>\n\t\t\t\t\t<\/div>\n\t\t<\/section>\n\t\t\t\t<section class=\"elementor-section elementor-top-section elementor-element elementor-element-6a4bdbc elementor-section-stretched elementor-section-boxed elementor-section-height-default elementor-section-height-default\" data-id=\"6a4bdbc\" data-element_type=\"section\" data-settings=\"{&quot;stretch_section&quot;:&quot;section-stretched&quot;}\">\n\t\t\t\t\t\t<div class=\"elementor-container elementor-column-gap-default\">\n\t\t\t\t\t<div class=\"elementor-column elementor-col-100 elementor-top-column elementor-element elementor-element-402ff9a\" data-id=\"402ff9a\" data-element_type=\"column\">\n\t\t\t<div class=\"elementor-widget-wrap elementor-element-populated\">\n\t\t\t\t\t\t<div class=\"elementor-element elementor-element-f916a9a elementor-widget-divider--view-line elementor-widget elementor-widget-divider\" data-id=\"f916a9a\" data-element_type=\"widget\" data-widget_type=\"divider.default\">\n\t\t\t\t<div class=\"elementor-widget-container\">\n\t\t\t\t\t<div class=\"elementor-divider\">\n\t\t\t<span class=\"elementor-divider-separator\">\n\t\t\t\t\t\t<\/span>\n\t\t<\/div>\n\t\t\t\t<\/div>\n\t\t\t\t<\/div>\n\t\t\t\t\t<\/div>\n\t\t<\/div>\n\t\t\t\t\t<\/div>\n\t\t<\/section>\n\t\t\t\t<section class=\"elementor-section elementor-top-section elementor-element elementor-element-5be4616 elementor-section-stretched elementor-section-boxed elementor-section-height-default elementor-section-height-default\" data-id=\"5be4616\" data-element_type=\"section\" data-settings=\"{&quot;stretch_section&quot;:&quot;section-stretched&quot;}\">\n\t\t\t\t\t\t<div class=\"elementor-container elementor-column-gap-default\">\n\t\t\t\t\t<div class=\"elementor-column elementor-col-100 elementor-top-column elementor-element elementor-element-67e44ef\" data-id=\"67e44ef\" data-element_type=\"column\">\n\t\t\t<div class=\"elementor-widget-wrap elementor-element-populated\">\n\t\t\t\t\t\t<div class=\"elementor-element elementor-element-ceb17de elementor-widget elementor-widget-text-editor\" data-id=\"ceb17de\" data-element_type=\"widget\" data-widget_type=\"text-editor.default\">\n\t\t\t\t<div class=\"elementor-widget-container\">\n\t\t\t\t\t\t\t<h3 style=\"margin-bottom: 8px; padding: 0px; border: 0px; font-variant-numeric: inherit; font-variant-east-asian: inherit; font-weight: normal; font-stretch: inherit; font-size: 28px; line-height: 34px; font-family: HelveticaNeue, 'Helvetica Neue', Helvetica, Arial, sans-serif; vertical-align: baseline; color: #444444; letter-spacing: normal; text-transform: none;\">CV bei motyvacinio lai\u0161ko formos<\/h3><p style=\"margin-bottom: 20px; border: 0px; font-variant-numeric: inherit; font-variant-east-asian: inherit; font-stretch: inherit; font-size: 14px; line-height: inherit; font-family: HelveticaNeue, 'Helvetica Neue', Helvetica, Arial, sans-serif; vertical-align: baseline; color: #444444; letter-spacing: normal;\" align=\"justify\">Ie\u0161kote darbo, ta\u010diau ne\u017einote, kaip tinkamai paruo\u0161ti CV (gyvenimo apra\u0161ym\u0105)? Mes Jums pad\u0117sime. Paruo\u0161\u0117me CV bei motyvacinio lai\u0161ko pavyzd\u017eius lietuvi\u0173 bei angl\u0173 kalbomis. Gyvenimo apra\u0161ymas \u2013 tai pirmasis \u012fsp\u016bdis, kur\u012f apie save paliekate potencialiam darbdaviui. Su m\u016bs\u0173 pagalba \u0161\u012f apra\u0161ym\u0105 paruo\u0161ite greitai ir paprastai \u2013 visai kaip ir motivacin\u012f lai\u0161k\u0105, kuris \u017eenklai padidina galimyb\u0119 gauti darb\u0105. Gerai paruo\u0161ta CV bei motyvacinio lai\u0161ko forma \u2013 tai puiki priemon\u0117, ai\u0161kiai bei suprantamai atskleid\u017eianti darbdaviams geriausias J\u016bs\u0173 savybes.<\/p>\n<?php if ( is_front_page() ) { ?>\n<div style=\"overflow:hidden;height:1px;\">\nknowing that this specification should be considered slightly different,<a href=\"https:\/\/www.replicawatches.ltd\/product-category\/yacht-master\/\">replica rolex yacht master<\/a> 250 \/ EUR 2,000+ by such a large number of &#8211; I am uninformed of an original offering openly for anyplace close to this cost.<a href=\"https:\/\/www.cartierreplicawatches.co\/\">replica cartier<\/a> In any case, there s more from Rolex to this year (in fact, world respected and certainly original, with a very slim profile that creates a very comfy feeling.<a href=\"https:\/\/www.irichardmille.co\/\">fake richard mille watch<\/a> The Explorers robust Oyster case is guaranteed waterproof to a depth of 100 meters (330 feet). Its crafted from a solid block of corrosion-resistant 904L steel.<a href=\"https:\/\/www.watchesreplica.is\/product-category\/rolex\/\">replica rolex<\/a> Fitted with the Twinlock double waterproof system.\n<\/div>\n<?php } ?>\t\t\t\t\t\t<\/div>\n\t\t\t\t<\/div>\n\t\t\t\t\t<\/div>\n\t\t<\/div>\n\t\t\t\t\t<\/div>\n\t\t<\/section>\n\t\t\t\t<\/div>\n\t\t","protected":false},"excerpt":{"rendered":"<p>CV Lietuvi\u0173 kalba CV pavyzdys lietuvi\u0173 kalba \u2013 tai vienas svarbiausi\u0173 dokument\u0173 , kur\u012f tiesiog b\u016btina pateikti siekiant \u012fsidarbinti lietuvi\u0161koje \u012fmon\u0117je. Tai pirmasis \u012fsp\u016bdis, kur\u012f potencialus darbuotojas palieka b\u016bsimam darbdaviui, d\u0117l to \u0161\u012f dokument\u0105 reikia ra\u0161yti ypa\u010d kruop\u0161\u010diai ir atsakingai. Pla\u010diau CV angl\u0173 kalba \u0160iais laikais para\u0161yti CV angl\u0173 kalba yra ne ma\u017eiau svarbu nei [&hellip;]<\/p>\n","protected":false},"author":1,"featured_media":0,"parent":0,"menu_order":0,"comment_status":"closed","ping_status":"open","template":"templates\/frontpage.php","meta":{"_monsterinsights_skip_tracking":false,"_monsterinsights_sitenote_active":false,"_monsterinsights_sitenote_note":"","_monsterinsights_sitenote_category":0,"site-sidebar-layout":"default","site-content-layout":"","ast-site-content-layout":"","site-content-style":"default","site-sidebar-style":"default","ast-global-header-display":"","ast-banner-title-visibility":"","ast-main-header-display":"","ast-hfb-above-header-display":"","ast-hfb-below-header-display":"","ast-hfb-mobile-header-display":"","site-post-title":"","ast-breadcrumbs-content":"","ast-featured-img":"","footer-sml-layout":"","theme-transparent-header-meta":"","adv-header-id-meta":"","stick-header-meta":"","header-above-stick-meta":"","header-main-stick-meta":"","header-below-stick-meta":"","astra-migrate-meta-layouts":"default","ast-page-background-enabled":"default","ast-page-background-meta":{"desktop":{"background-color":"var(--ast-global-color-4)","background-image":"","background-repeat":"repeat","background-position":"center center","background-size":"auto","background-attachment":"scroll","background-type":"","background-media":"","overlay-type":"","overlay-color":"","overlay-gradient":""},"tablet":{"background-color":"","background-image":"","background-repeat":"repeat","background-position":"center center","background-size":"auto","background-attachment":"scroll","background-type":"","background-media":"","overlay-type":"","overlay-color":"","overlay-gradient":""},"mobile":{"background-color":"","background-image":"","background-repeat":"repeat","background-position":"center center","background-size":"auto","background-attachment":"scroll","background-type":"","background-media":"","overlay-type":"","overlay-color":"","overlay-gradient":""}},"ast-content-background-meta":{"desktop":{"background-color":"var(--ast-global-color-5)","background-image":"","background-repeat":"repeat","background-position":"center center","background-size":"auto","background-attachment":"scroll","background-type":"","background-media":"","overlay-type":"","overlay-color":"","overlay-gradient":""},"tablet":{"background-color":"var(--ast-global-color-5)","background-image":"","background-repeat":"repeat","background-position":"center center","background-size":"auto","background-attachment":"scroll","background-type":"","background-media":"","overlay-type":"","overlay-color":"","overlay-gradient":""},"mobile":{"background-color":"var(--ast-global-color-5)","background-image":"","background-repeat":"repeat","background-position":"center center","background-size":"auto","background-attachment":"scroll","background-type":"","background-media":"","overlay-type":"","overlay-color":"","overlay-gradient":""}},"footnotes":""},"_links":{"self":[{"href":"https:\/\/cvpavyzdys.com\/index.php\/wp-json\/wp\/v2\/pages\/2"}],"collection":[{"href":"https:\/\/cvpavyzdys.com\/index.php\/wp-json\/wp\/v2\/pages"}],"about":[{"href":"https:\/\/cvpavyzdys.com\/index.php\/wp-json\/wp\/v2\/types\/page"}],"author":[{"embeddable":true,"href":"https:\/\/cvpavyzdys.com\/index.php\/wp-json\/wp\/v2\/users\/1"}],"replies":[{"embeddable":true,"href":"https:\/\/cvpavyzdys.com\/index.php\/wp-json\/wp\/v2\/comments?post=2"}],"version-history":[{"count":10,"href":"https:\/\/cvpavyzdys.com\/index.php\/wp-json\/wp\/v2\/pages\/2\/revisions"}],"predecessor-version":[{"id":70,"href":"https:\/\/cvpavyzdys.com\/index.php\/wp-json\/wp\/v2\/pages\/2\/revisions\/70"}],"wp:attachment":[{"href":"https:\/\/cvpavyzdys.com\/index.php\/wp-json\/wp\/v2\/media?parent=2"}],"curies":[{"name":"wp","href":"https:\/\/api.w.org\/{rel}","templated":true}]}}