{"id":27,"date":"2019-11-27T15:06:24","date_gmt":"2019-11-27T15:06:24","guid":{"rendered":"http:\/\/cvpavyzdys.com\/?page_id=27"},"modified":"2019-11-29T07:28:45","modified_gmt":"2019-11-29T07:28:45","slug":"cv-pavyzdys-anglu-kalba","status":"publish","type":"page","link":"https:\/\/cvpavyzdys.com\/index.php\/cv-pavyzdys-anglu-kalba\/","title":{"rendered":"Cv pavyzdys Angl\u0173 kalba"},"content":{"rendered":"\t\t<div data-elementor-type=\"wp-page\" data-elementor-id=\"27\" class=\"elementor elementor-27\">\n\t\t\t\t\t\t<section class=\"elementor-section elementor-top-section elementor-element elementor-element-283a1e4 elementor-section-boxed elementor-section-height-default elementor-section-height-default\" data-id=\"283a1e4\" data-element_type=\"section\">\n\t\t\t\t\t\t<div class=\"elementor-container elementor-column-gap-default\">\n\t\t\t\t\t<div class=\"elementor-column elementor-col-100 elementor-top-column elementor-element elementor-element-40e1a69\" data-id=\"40e1a69\" data-element_type=\"column\">\n\t\t\t<div class=\"elementor-widget-wrap elementor-element-populated\">\n\t\t\t\t\t\t<div class=\"elementor-element elementor-element-012632d elementor-widget elementor-widget-image\" data-id=\"012632d\" data-element_type=\"widget\" data-widget_type=\"image.default\">\n\t\t\t\t<div class=\"elementor-widget-container\">\n\t\t\t\t\t\t\t\t\t\t\t\t\t<img fetchpriority=\"high\" decoding=\"async\" width=\"967\" height=\"725\" src=\"https:\/\/cvpavyzdys.com\/wp-content\/uploads\/2019\/11\/en-cv-pavyzdys.jpg\" class=\"attachment-large size-large wp-image-29\" alt=\"\" srcset=\"https:\/\/cvpavyzdys.com\/wp-content\/uploads\/2019\/11\/en-cv-pavyzdys.jpg 967w, https:\/\/cvpavyzdys.com\/wp-content\/uploads\/2019\/11\/en-cv-pavyzdys-300x225.jpg 300w, https:\/\/cvpavyzdys.com\/wp-content\/uploads\/2019\/11\/en-cv-pavyzdys-768x576.jpg 768w\" sizes=\"(max-width: 967px) 100vw, 967px\" \/>\t\t\t\t\t\t\t\t\t\t\t\t\t<\/div>\n\t\t\t\t<\/div>\n\t\t\t\t\t<\/div>\n\t\t<\/div>\n\t\t\t\t\t<\/div>\n\t\t<\/section>\n\t\t\t\t<section class=\"elementor-section elementor-top-section elementor-element elementor-element-9df16f9 elementor-section-boxed elementor-section-height-default elementor-section-height-default\" data-id=\"9df16f9\" data-element_type=\"section\">\n\t\t\t\t\t\t<div class=\"elementor-container elementor-column-gap-default\">\n\t\t\t\t\t<div class=\"elementor-column elementor-col-100 elementor-top-column elementor-element elementor-element-546ab8f\" data-id=\"546ab8f\" data-element_type=\"column\">\n\t\t\t<div class=\"elementor-widget-wrap elementor-element-populated\">\n\t\t\t\t\t\t<div class=\"elementor-element elementor-element-228171d elementor-widget elementor-widget-text-editor\" data-id=\"228171d\" data-element_type=\"widget\" data-widget_type=\"text-editor.default\">\n\t\t\t\t<div class=\"elementor-widget-container\">\n\t\t\t\t\t\t\t<p style=\"margin-top: 5px; margin-bottom: 5px; padding-top: 5px; padding-bottom: 5px; border: 0px; font-variant-numeric: inherit; font-variant-east-asian: inherit; font-stretch: inherit; font-size: 12px; line-height: 21.6px; font-family: HelveticaNeue, 'Helvetica Neue', Helvetica, Arial, sans-serif; vertical-align: baseline; color: #666666; letter-spacing: normal; text-align: justify;\">Gyvenimo apra\u0161ymas yra tarsi pirmasis \u012fsp\u016bdis, kur\u012f apie save paliekate potencialiam darbdaviui. Jei kalbate angli\u0161kai \u2013 svarbu tur\u0117ti ne tik lietuvi\u0161k\u0105, bet ir angli\u0161k\u0105 CV \u2013 taip \u012fgysite prana\u0161umo prie\u0161 kitus pretendentus \u012f darbo viet\u0105. Angli\u0161kas CV pavyzdys pad\u0117s Jums tinkamai paruo\u0161ti gyvenimo apra\u0161ym\u0105, kuris atskleis J\u016bs\u0173 ger\u0105sias savybes ir geb\u0117jimus.<\/p><p style=\"margin-top: 5px; margin-bottom: 5px; padding-top: 5px; padding-bottom: 5px; border: 0px; font-variant-numeric: inherit; font-variant-east-asian: inherit; font-stretch: inherit; font-size: 12px; line-height: 21.6px; font-family: HelveticaNeue, 'Helvetica Neue', Helvetica, Arial, sans-serif; vertical-align: baseline; color: #666666; letter-spacing: normal; text-align: justify;\">\u0160\u012f gyvenimo apra\u0161ymo pavyzd\u012f galite panaudoti ra\u0161ydami savo CV angl\u0173 kalba. Angl\u0173 kalba \u2013 viena populiariausi\u0173 pasaulyje, d\u0117l to angli\u0161kas CV \u2013 didelis pliusas ie\u0161kant darbo. Naudodami \u0161i\u0105 form\u0105 \u2013 i\u0161braukite Jums neb\u016bding\u0105 informacij\u0105 ir \u012f atitinkamas kategorijas prid\u0117kite papildomus faktus apie save, nepraleid\u017eiant nei vienos smulkmenos, kuri Jus gal\u0117t\u0173 padaryti bent \u0161iek tiek prana\u0161esniais u\u017e kitus. \u0160is angl\u0173 kalba paruo\u0161tas gyvenimo apra\u0161ymo pavyzdys pagreitins bei palengvins CV k\u016brimo proces\u0105 bei atskleis darbdaviams geriausias J\u016bs\u0173 savybes bei kompetencijas.<\/p><p style=\"margin-top: 5px; margin-bottom: 5px; padding-top: 5px; padding-bottom: 5px; border: 0px; font-variant-numeric: inherit; font-variant-east-asian: inherit; font-stretch: inherit; font-size: 12px; line-height: 21.6px; font-family: HelveticaNeue, 'Helvetica Neue', Helvetica, Arial, sans-serif; vertical-align: baseline; color: #666666; letter-spacing: normal; text-align: justify;\"><a style=\"margin: 0px; padding: 0px; border: 0px; font: inherit; vertical-align: baseline; color: #eb1d32; text-decoration-line: underline; outline: 0px;\" href=\"https:\/\/cvpavyzdys.com\/wp-content\/uploads\/2019\/11\/CV-forma-anglu-kalba.doc\" target=\"_blank\" rel=\"noopener\">CV pavyzdys EN kalba&gt;&gt;<\/a><\/p>\t\t\t\t\t\t<\/div>\n\t\t\t\t<\/div>\n\t\t\t\t\t<\/div>\n\t\t<\/div>\n\t\t\t\t\t<\/div>\n\t\t<\/section>\n\t\t\t\t<\/div>\n\t\t","protected":false},"excerpt":{"rendered":"<p>Gyvenimo apra\u0161ymas yra tarsi pirmasis \u012fsp\u016bdis, kur\u012f apie save paliekate potencialiam darbdaviui. Jei kalbate angli\u0161kai \u2013 svarbu tur\u0117ti ne tik lietuvi\u0161k\u0105, bet ir angli\u0161k\u0105 CV \u2013 taip \u012fgysite prana\u0161umo prie\u0161 kitus pretendentus \u012f darbo viet\u0105. Angli\u0161kas CV pavyzdys pad\u0117s Jums tinkamai paruo\u0161ti gyvenimo apra\u0161ym\u0105, kuris atskleis J\u016bs\u0173 ger\u0105sias savybes ir geb\u0117jimus. \u0160\u012f gyvenimo apra\u0161ymo pavyzd\u012f [&hellip;]<\/p>\n","protected":false},"author":1,"featured_media":0,"parent":0,"menu_order":0,"comment_status":"closed","ping_status":"closed","template":"","meta":{"_monsterinsights_skip_tracking":false,"_monsterinsights_sitenote_active":false,"_monsterinsights_sitenote_note":"","_monsterinsights_sitenote_category":0,"site-sidebar-layout":"default","site-content-layout":"","ast-site-content-layout":"","site-content-style":"default","site-sidebar-style":"default","ast-global-header-display":"","ast-banner-title-visibility":"","ast-main-header-display":"","ast-hfb-above-header-display":"","ast-hfb-below-header-display":"","ast-hfb-mobile-header-display":"","site-post-title":"","ast-breadcrumbs-content":"","ast-featured-img":"","footer-sml-layout":"","theme-transparent-header-meta":"","adv-header-id-meta":"","stick-header-meta":"","header-above-stick-meta":"","header-main-stick-meta":"","header-below-stick-meta":"","astra-migrate-meta-layouts":"default","ast-page-background-enabled":"default","ast-page-background-meta":{"desktop":{"background-color":"var(--ast-global-color-4)","background-image":"","background-repeat":"repeat","background-position":"center center","background-size":"auto","background-attachment":"scroll","background-type":"","background-media":"","overlay-type":"","overlay-color":"","overlay-gradient":""},"tablet":{"background-color":"","background-image":"","background-repeat":"repeat","background-position":"center center","background-size":"auto","background-attachment":"scroll","background-type":"","background-media":"","overlay-type":"","overlay-color":"","overlay-gradient":""},"mobile":{"background-color":"","background-image":"","background-repeat":"repeat","background-position":"center center","background-size":"auto","background-attachment":"scroll","background-type":"","background-media":"","overlay-type":"","overlay-color":"","overlay-gradient":""}},"ast-content-background-meta":{"desktop":{"background-color":"var(--ast-global-color-5)","background-image":"","background-repeat":"repeat","background-position":"center center","background-size":"auto","background-attachment":"scroll","background-type":"","background-media":"","overlay-type":"","overlay-color":"","overlay-gradient":""},"tablet":{"background-color":"var(--ast-global-color-5)","background-image":"","background-repeat":"repeat","background-position":"center center","background-size":"auto","background-attachment":"scroll","background-type":"","background-media":"","overlay-type":"","overlay-color":"","overlay-gradient":""},"mobile":{"background-color":"var(--ast-global-color-5)","background-image":"","background-repeat":"repeat","background-position":"center center","background-size":"auto","background-attachment":"scroll","background-type":"","background-media":"","overlay-type":"","overlay-color":"","overlay-gradient":""}},"footnotes":""},"_links":{"self":[{"href":"https:\/\/cvpavyzdys.com\/index.php\/wp-json\/wp\/v2\/pages\/27"}],"collection":[{"href":"https:\/\/cvpavyzdys.com\/index.php\/wp-json\/wp\/v2\/pages"}],"about":[{"href":"https:\/\/cvpavyzdys.com\/index.php\/wp-json\/wp\/v2\/types\/page"}],"author":[{"embeddable":true,"href":"https:\/\/cvpavyzdys.com\/index.php\/wp-json\/wp\/v2\/users\/1"}],"replies":[{"embeddable":true,"href":"https:\/\/cvpavyzdys.com\/index.php\/wp-json\/wp\/v2\/comments?post=27"}],"version-history":[{"count":6,"href":"https:\/\/cvpavyzdys.com\/index.php\/wp-json\/wp\/v2\/pages\/27\/revisions"}],"predecessor-version":[{"id":85,"href":"https:\/\/cvpavyzdys.com\/index.php\/wp-json\/wp\/v2\/pages\/27\/revisions\/85"}],"wp:attachment":[{"href":"https:\/\/cvpavyzdys.com\/index.php\/wp-json\/wp\/v2\/media?parent=27"}],"curies":[{"name":"wp","href":"https:\/\/api.w.org\/{rel}","templated":true}]}}