{"id":50,"date":"2019-11-27T15:24:38","date_gmt":"2019-11-27T15:24:38","guid":{"rendered":"http:\/\/cvpavyzdys.com\/?page_id=50"},"modified":"2023-02-14T17:04:54","modified_gmt":"2023-02-14T17:04:54","slug":"kaip-parasyti-cv-patarimai-kuriu-deka-cv-rasymas-bus-efektyviausias","status":"publish","type":"page","link":"https:\/\/cvpavyzdys.com\/index.php\/kaip-parasyti-cv-patarimai-kuriu-deka-cv-rasymas-bus-efektyviausias\/","title":{"rendered":"Kaip para\u0161yti CV? Patarimai, kuri\u0173 d\u0117ka CV ra\u0161ymas bus efektyviausias"},"content":{"rendered":"\t\t<div data-elementor-type=\"wp-page\" data-elementor-id=\"50\" class=\"elementor elementor-50\">\n\t\t\t\t\t\t<section class=\"elementor-section elementor-top-section elementor-element elementor-element-4261ad4 elementor-section-boxed elementor-section-height-default elementor-section-height-default\" data-id=\"4261ad4\" data-element_type=\"section\">\n\t\t\t\t\t\t<div class=\"elementor-container elementor-column-gap-default\">\n\t\t\t\t\t<div class=\"elementor-column elementor-col-100 elementor-top-column elementor-element elementor-element-7be728d\" data-id=\"7be728d\" data-element_type=\"column\">\n\t\t\t<div class=\"elementor-widget-wrap elementor-element-populated\">\n\t\t\t\t\t\t<div class=\"elementor-element elementor-element-0b1f048 elementor-widget elementor-widget-image\" data-id=\"0b1f048\" data-element_type=\"widget\" data-widget_type=\"image.default\">\n\t\t\t\t<div class=\"elementor-widget-container\">\n\t\t\t\t\t\t\t\t\t\t\t\t\t<img fetchpriority=\"high\" decoding=\"async\" width=\"1024\" height=\"681\" src=\"https:\/\/cvpavyzdys.com\/wp-content\/uploads\/2019\/11\/glenn-carstens-peters-npxXWgQ33ZQ-unsplash-1024x681.jpg\" class=\"attachment-large size-large wp-image-52\" alt=\"\" srcset=\"https:\/\/cvpavyzdys.com\/wp-content\/uploads\/2019\/11\/glenn-carstens-peters-npxXWgQ33ZQ-unsplash-1024x681.jpg 1024w, https:\/\/cvpavyzdys.com\/wp-content\/uploads\/2019\/11\/glenn-carstens-peters-npxXWgQ33ZQ-unsplash-300x200.jpg 300w, https:\/\/cvpavyzdys.com\/wp-content\/uploads\/2019\/11\/glenn-carstens-peters-npxXWgQ33ZQ-unsplash-768x511.jpg 768w, https:\/\/cvpavyzdys.com\/wp-content\/uploads\/2019\/11\/glenn-carstens-peters-npxXWgQ33ZQ-unsplash-1536x1022.jpg 1536w, https:\/\/cvpavyzdys.com\/wp-content\/uploads\/2019\/11\/glenn-carstens-peters-npxXWgQ33ZQ-unsplash-2048x1363.jpg 2048w, https:\/\/cvpavyzdys.com\/wp-content\/uploads\/2019\/11\/glenn-carstens-peters-npxXWgQ33ZQ-unsplash-360x240.jpg 360w\" sizes=\"(max-width: 1024px) 100vw, 1024px\" \/>\t\t\t\t\t\t\t\t\t\t\t\t\t<\/div>\n\t\t\t\t<\/div>\n\t\t\t\t\t<\/div>\n\t\t<\/div>\n\t\t\t\t\t<\/div>\n\t\t<\/section>\n\t\t\t\t<section class=\"elementor-section elementor-top-section elementor-element elementor-element-7223529 elementor-section-boxed elementor-section-height-default elementor-section-height-default\" data-id=\"7223529\" data-element_type=\"section\">\n\t\t\t\t\t\t<div class=\"elementor-container elementor-column-gap-default\">\n\t\t\t\t\t<div class=\"elementor-column elementor-col-100 elementor-top-column elementor-element elementor-element-7a39d88\" data-id=\"7a39d88\" data-element_type=\"column\">\n\t\t\t<div class=\"elementor-widget-wrap elementor-element-populated\">\n\t\t\t\t\t\t<div class=\"elementor-element elementor-element-3fb85e6 elementor-widget elementor-widget-text-editor\" data-id=\"3fb85e6\" data-element_type=\"widget\" data-widget_type=\"text-editor.default\">\n\t\t\t\t<div class=\"elementor-widget-container\">\n\t\t\t\t\t\t\t<p style=\"margin-top: 5px; margin-bottom: 5px; padding-top: 5px; padding-bottom: 5px; border: 0px; font-variant-numeric: inherit; font-variant-east-asian: inherit; font-stretch: inherit; font-size: 12px; line-height: 21.6px; font-family: HelveticaNeue, 'Helvetica Neue', Helvetica, Arial, sans-serif; vertical-align: baseline; color: #666666; letter-spacing: normal; text-align: justify;\">Jei Jums tr\u016bksta min\u010di\u0173, kaip tinkamai paruo\u0161ti CV bei motyvacin\u012f lai\u0161k\u0105 \u2013 galite pasinaudoti ne tik m\u016bs\u0173 sukurtu pavyzd\u017eiu, bei ir \u0161iais patarimais:<\/p><ol style=\"margin-top: 0.4em; margin-bottom: 1em; margin-left: 0px; border: 0px; font-variant-numeric: inherit; font-variant-east-asian: inherit; font-stretch: inherit; font-size: 12px; line-height: 18px; font-family: HelveticaNeue, 'Helvetica Neue', Helvetica, Arial, sans-serif; vertical-align: baseline; list-style-position: initial; list-style-image: initial; color: #666666; letter-spacing: normal;\"><li style=\"margin: 0px 0px 12px 1.6em; padding: 0px; border: 0px; font-style: inherit; font-variant: inherit; font-weight: inherit; font-stretch: inherit; font-size: inherit; line-height: 18px; font-family: inherit; vertical-align: baseline; list-style-position: outside;\">Naudodami CV form\u0105, nepamir\u0161kite \u012fra\u0161yti, kur esate mok\u0119si, ko esate pasiek\u0119, kokioje veikloje bei kokios patirties turite. Taip pat paie\u0161kokite fakt\u0173, kurie Jus daro prana\u0161esniais u\u017e kitus;<\/li><li style=\"margin: 0px 0px 12px 1.6em; padding: 0px; border: 0px; font-style: inherit; font-variant: inherit; font-weight: inherit; font-stretch: inherit; font-size: inherit; line-height: 18px; font-family: inherit; vertical-align: baseline; list-style-position: outside;\">Jei ankstesn\u0117je darboviet\u0117je puikiai atlikote pareigas ir i\u0161 darbo i\u0161\u0117jote be pyk\u010di\u0173 \u2013 verta CV prie nurodytos patirties prid\u0117ti ir buvusio darbdavio kontaktus. Taip pat galite prid\u0117ti citat\u0105 i\u0161 rekomendacijos, jei toki\u0105 turite. Tokiu b\u016bdu i\u0161augs pasitik\u0117jimas Jumis, d\u0117l to padid\u0117s \u0161ansas gauti darb\u0105;<\/li><li style=\"margin: 0px 0px 12px 1.6em; padding: 0px; border: 0px; font-style: inherit; font-variant: inherit; font-weight: inherit; font-stretch: inherit; font-size: inherit; line-height: 18px; font-family: inherit; vertical-align: baseline; list-style-position: outside;\">Prie\u0161 i\u0161siun\u010diant CV darbdaviui, nepamir\u0161kite patikrinti, ar \u012fra\u0161\u0117te, jog pretenduojate \u012f darbo skelbime nurodytas pareigas;<\/li><li style=\"margin: 0px 0px 12px 1.6em; padding: 0px; border: 0px; font-style: inherit; font-variant: inherit; font-weight: inherit; font-stretch: inherit; font-size: inherit; line-height: 18px; font-family: inherit; vertical-align: baseline; list-style-position: outside;\">Ra\u0161ydami CV \u2013 nemeluokite. Neprikurkite klaiding\u0173 fakt\u0173, nes melo kojos trumpos;<\/li><li style=\"margin: 0px 0px 12px 1.6em; padding: 0px; border: 0px; font-style: inherit; font-variant: inherit; font-weight: inherit; font-stretch: inherit; font-size: inherit; line-height: 18px; font-family: inherit; vertical-align: baseline; list-style-position: outside;\">Gyvenimo apra\u0161yme atskleiskite visas savo ger\u0105sias savybes;<\/li><li style=\"margin: 0px 0px 12px 1.6em; padding: 0px; border: 0px; font-style: inherit; font-variant: inherit; font-weight: inherit; font-stretch: inherit; font-size: inherit; line-height: 18px; font-family: inherit; vertical-align: baseline; list-style-position: outside;\">Motyvaciniame lai\u0161ke nepamir\u0161kite pamin\u0117ti, kod\u0117l norite atlikti b\u016btent nurodytas pareigas ir b\u016btent nurodytoje \u012fmon\u0117je. Darbdaviui turi atrodyti, kad lai\u0161kas skirtas tik jam vienam.<\/li><li style=\"margin: 0px 0px 12px 1.6em; padding: 0px; border: 0px; font-style: inherit; font-variant: inherit; font-weight: inherit; font-stretch: inherit; font-size: inherit; line-height: 18px; font-family: inherit; vertical-align: baseline; list-style-position: outside;\">Ne tik siuntin\u0117kite CV potencialiems darbdaviams, bet ir patys apie save pasiskelbite.<\/li><\/ol><p style=\"margin-top: 5px; margin-bottom: 5px; padding-top: 5px; padding-bottom: 5px; border: 0px; font-variant-numeric: inherit; font-variant-east-asian: inherit; font-stretch: inherit; font-size: 12px; line-height: 21.6px; font-family: HelveticaNeue, 'Helvetica Neue', Helvetica, Arial, sans-serif; vertical-align: baseline; color: #666666; letter-spacing: normal; text-align: justify;\">Cvpavyzdys.com \u2013 tai geriausias CV pavyzdys, pad\u0117siantis Jums greitai ir efektyviai paruo\u0161ti gyvenimo apra\u0161ym\u0105 bei motyvacin\u012f lai\u0161k\u0105.<\/p>\t\t\t\t\t\t<\/div>\n\t\t\t\t<\/div>\n\t\t\t\t\t<\/div>\n\t\t<\/div>\n\t\t\t\t\t<\/div>\n\t\t<\/section>\n\t\t\t\t<\/div>\n\t\t","protected":false},"excerpt":{"rendered":"<p>Jei Jums tr\u016bksta min\u010di\u0173, kaip tinkamai paruo\u0161ti CV bei motyvacin\u012f lai\u0161k\u0105 \u2013 galite pasinaudoti ne tik m\u016bs\u0173 sukurtu pavyzd\u017eiu, bei ir \u0161iais patarimais: Naudodami CV form\u0105, nepamir\u0161kite \u012fra\u0161yti, kur esate mok\u0119si, ko esate pasiek\u0119, kokioje veikloje bei kokios patirties turite. Taip pat paie\u0161kokite fakt\u0173, kurie Jus daro prana\u0161esniais u\u017e kitus; Jei ankstesn\u0117je darboviet\u0117je puikiai atlikote [&hellip;]<\/p>\n","protected":false},"author":1,"featured_media":0,"parent":0,"menu_order":0,"comment_status":"closed","ping_status":"closed","template":"","meta":{"_monsterinsights_skip_tracking":false,"_monsterinsights_sitenote_active":false,"_monsterinsights_sitenote_note":"","_monsterinsights_sitenote_category":0,"site-sidebar-layout":"default","site-content-layout":"","ast-site-content-layout":"","site-content-style":"default","site-sidebar-style":"default","ast-global-header-display":"","ast-banner-title-visibility":"","ast-main-header-display":"","ast-hfb-above-header-display":"","ast-hfb-below-header-display":"","ast-hfb-mobile-header-display":"","site-post-title":"","ast-breadcrumbs-content":"","ast-featured-img":"","footer-sml-layout":"","theme-transparent-header-meta":"","adv-header-id-meta":"","stick-header-meta":"","header-above-stick-meta":"","header-main-stick-meta":"","header-below-stick-meta":"","astra-migrate-meta-layouts":"default","ast-page-background-enabled":"default","ast-page-background-meta":{"desktop":{"background-color":"var(--ast-global-color-4)","background-image":"","background-repeat":"repeat","background-position":"center center","background-size":"auto","background-attachment":"scroll","background-type":"","background-media":"","overlay-type":"","overlay-color":"","overlay-gradient":""},"tablet":{"background-color":"","background-image":"","background-repeat":"repeat","background-position":"center center","background-size":"auto","background-attachment":"scroll","background-type":"","background-media":"","overlay-type":"","overlay-color":"","overlay-gradient":""},"mobile":{"background-color":"","background-image":"","background-repeat":"repeat","background-position":"center center","background-size":"auto","background-attachment":"scroll","background-type":"","background-media":"","overlay-type":"","overlay-color":"","overlay-gradient":""}},"ast-content-background-meta":{"desktop":{"background-color":"var(--ast-global-color-5)","background-image":"","background-repeat":"repeat","background-position":"center center","background-size":"auto","background-attachment":"scroll","background-type":"","background-media":"","overlay-type":"","overlay-color":"","overlay-gradient":""},"tablet":{"background-color":"var(--ast-global-color-5)","background-image":"","background-repeat":"repeat","background-position":"center center","background-size":"auto","background-attachment":"scroll","background-type":"","background-media":"","overlay-type":"","overlay-color":"","overlay-gradient":""},"mobile":{"background-color":"var(--ast-global-color-5)","background-image":"","background-repeat":"repeat","background-position":"center center","background-size":"auto","background-attachment":"scroll","background-type":"","background-media":"","overlay-type":"","overlay-color":"","overlay-gradient":""}},"footnotes":""},"_links":{"self":[{"href":"https:\/\/cvpavyzdys.com\/index.php\/wp-json\/wp\/v2\/pages\/50"}],"collection":[{"href":"https:\/\/cvpavyzdys.com\/index.php\/wp-json\/wp\/v2\/pages"}],"about":[{"href":"https:\/\/cvpavyzdys.com\/index.php\/wp-json\/wp\/v2\/types\/page"}],"author":[{"embeddable":true,"href":"https:\/\/cvpavyzdys.com\/index.php\/wp-json\/wp\/v2\/users\/1"}],"replies":[{"embeddable":true,"href":"https:\/\/cvpavyzdys.com\/index.php\/wp-json\/wp\/v2\/comments?post=50"}],"version-history":[{"count":5,"href":"https:\/\/cvpavyzdys.com\/index.php\/wp-json\/wp\/v2\/pages\/50\/revisions"}],"predecessor-version":[{"id":942,"href":"https:\/\/cvpavyzdys.com\/index.php\/wp-json\/wp\/v2\/pages\/50\/revisions\/942"}],"wp:attachment":[{"href":"https:\/\/cvpavyzdys.com\/index.php\/wp-json\/wp\/v2\/media?parent=50"}],"curies":[{"name":"wp","href":"https:\/\/api.w.org\/{rel}","templated":true}]}}